{"id":346,"date":"2022-06-22T16:46:15","date_gmt":"2022-06-22T16:46:15","guid":{"rendered":"https:\/\/newsite.nub8.net\/?page_id=346"},"modified":"2023-05-09T16:04:03","modified_gmt":"2023-05-09T16:04:03","slug":"what-weve-done","status":"publish","type":"page","link":"https:\/\/nub8.net\/es\/what-weve-done\/","title":{"rendered":"Casos de \u00c9xito"},"content":{"rendered":"<div data-elementor-type=\"wp-page\" data-elementor-id=\"346\" class=\"elementor elementor-346\">\n\t\t\t\t\t\t<section class=\"elementor-section elementor-top-section elementor-element elementor-element-60a50ed elementor-section-height-min-height elementor-section-boxed elementor-section-height-default elementor-section-items-middle\" data-id=\"60a50ed\" data-element_type=\"section\" data-e-type=\"section\" data-settings=\"{&quot;background_background&quot;:&quot;classic&quot;}\">\n\t\t\t\t\t\t<div class=\"elementor-container elementor-column-gap-default\">\n\t\t\t\t\t<div class=\"elementor-column elementor-col-100 elementor-top-column elementor-element elementor-element-e0918da\" data-id=\"e0918da\" data-element_type=\"column\" data-e-type=\"column\">\n\t\t\t<div class=\"elementor-widget-wrap elementor-element-populated\">\n\t\t\t\t\t\t\t<\/div>\n\t\t<\/div>\n\t\t\t\t\t<\/div>\n\t\t<\/section>\n\t\t\t\t<section class=\"elementor-section elementor-top-section elementor-element elementor-element-6c37ef12 elementor-section-boxed elementor-section-height-default elementor-section-height-default\" data-id=\"6c37ef12\" data-element_type=\"section\" data-e-type=\"section\">\n\t\t\t\t\t\t<div class=\"elementor-container elementor-column-gap-default\">\n\t\t\t\t\t<div class=\"elementor-column elementor-col-100 elementor-top-column elementor-element elementor-element-f9bb634\" data-id=\"f9bb634\" data-element_type=\"column\" data-e-type=\"column\">\n\t\t\t<div class=\"elementor-widget-wrap elementor-element-populated\">\n\t\t\t\t\t\t<section class=\"elementor-section elementor-inner-section elementor-element elementor-element-7f7cea33 elementor-section-boxed elementor-section-height-default elementor-section-height-default\" data-id=\"7f7cea33\" data-element_type=\"section\" data-e-type=\"section\">\n\t\t\t\t\t\t<div class=\"elementor-container elementor-column-gap-default\">\n\t\t\t\t\t<div class=\"elementor-column elementor-col-100 elementor-inner-column elementor-element elementor-element-24e17db5\" data-id=\"24e17db5\" data-element_type=\"column\" data-e-type=\"column\">\n\t\t\t<div class=\"elementor-widget-wrap elementor-element-populated\">\n\t\t\t\t\t\t<div class=\"elementor-element elementor-element-3967d0b8 elementor-widget elementor-widget-heading\" data-id=\"3967d0b8\" data-element_type=\"widget\" data-e-type=\"widget\" data-widget_type=\"heading.default\">\n\t\t\t\t<div class=\"elementor-widget-container\">\n\t\t\t\t\t<h1 class=\"elementor-heading-title elementor-size-default\">Conf\u00edan en nosotros<\/h1>\t\t\t\t<\/div>\n\t\t\t\t<\/div>\n\t\t\t\t\t<\/div>\n\t\t<\/div>\n\t\t\t\t\t<\/div>\n\t\t<\/section>\n\t\t\t\t\t<\/div>\n\t\t<\/div>\n\t\t\t\t\t<\/div>\n\t\t<\/section>\n\t\t\t\t<section class=\"elementor-section elementor-top-section elementor-element elementor-element-927e649 elementor-section-boxed elementor-section-height-default elementor-section-height-default\" data-id=\"927e649\" data-element_type=\"section\" data-e-type=\"section\">\n\t\t\t\t\t\t<div class=\"elementor-container elementor-column-gap-default\">\n\t\t\t\t\t<div class=\"elementor-column elementor-col-100 elementor-top-column elementor-element elementor-element-b2b9065\" data-id=\"b2b9065\" data-element_type=\"column\" data-e-type=\"column\">\n\t\t\t<div class=\"elementor-widget-wrap elementor-element-populated\">\n\t\t\t\t\t\t<div class=\"elementor-element elementor-element-b1b56d3 elementor-tabs-view-horizontal elementor-widget elementor-widget-tabs\" data-id=\"b1b56d3\" data-element_type=\"widget\" data-e-type=\"widget\" data-widget_type=\"tabs.default\">\n\t\t\t\t<div class=\"elementor-widget-container\">\n\t\t\t\t\t\t\t<div class=\"elementor-tabs\">\n\t\t\t<div class=\"elementor-tabs-wrapper\" role=\"tablist\" >\n\t\t\t\t\t\t\t\t\t<div id=\"elementor-tab-title-1861\" class=\"elementor-tab-title elementor-tab-desktop-title\" aria-selected=\"true\" data-tab=\"1\" role=\"tab\" tabindex=\"0\" aria-controls=\"elementor-tab-content-1861\" aria-expanded=\"false\">Anal\u00edtica<\/div>\n\t\t\t\t\t\t\t\t\t<div id=\"elementor-tab-title-1862\" class=\"elementor-tab-title elementor-tab-desktop-title\" aria-selected=\"false\" data-tab=\"2\" role=\"tab\" tabindex=\"-1\" aria-controls=\"elementor-tab-content-1862\" aria-expanded=\"false\">Soluciones Cloud<\/div>\n\t\t\t\t\t\t\t\t\t<div id=\"elementor-tab-title-1863\" class=\"elementor-tab-title elementor-tab-desktop-title\" aria-selected=\"false\" data-tab=\"3\" role=\"tab\" tabindex=\"-1\" aria-controls=\"elementor-tab-content-1863\" aria-expanded=\"false\">Seguridad en la nube y en local<\/div>\n\t\t\t\t\t\t\t\t\t<div id=\"elementor-tab-title-1864\" class=\"elementor-tab-title elementor-tab-desktop-title\" aria-selected=\"false\" data-tab=\"4\" role=\"tab\" tabindex=\"-1\" aria-controls=\"elementor-tab-content-1864\" aria-expanded=\"false\">Recuperaci\u00f3n de desastres<\/div>\n\t\t\t\t\t\t\t\t\t<div id=\"elementor-tab-title-1865\" class=\"elementor-tab-title elementor-tab-desktop-title\" aria-selected=\"false\" data-tab=\"5\" role=\"tab\" tabindex=\"-1\" aria-controls=\"elementor-tab-content-1865\" aria-expanded=\"false\">Almacenamiento en la nube<\/div>\n\t\t\t\t\t\t\t\t\t<div id=\"elementor-tab-title-1866\" class=\"elementor-tab-title elementor-tab-desktop-title\" aria-selected=\"false\" data-tab=\"6\" role=\"tab\" tabindex=\"-1\" aria-controls=\"elementor-tab-content-1866\" aria-expanded=\"false\">Migraci\u00f3n a la nube<\/div>\n\t\t\t\t\t\t\t\t\t<div id=\"elementor-tab-title-1867\" class=\"elementor-tab-title elementor-tab-desktop-title\" aria-selected=\"false\" data-tab=\"7\" role=\"tab\" tabindex=\"-1\" aria-controls=\"elementor-tab-content-1867\" aria-expanded=\"false\">Conexi\u00f3n en red<\/div>\n\t\t\t\t\t\t\t\t\t<div id=\"elementor-tab-title-1868\" class=\"elementor-tab-title elementor-tab-desktop-title\" aria-selected=\"false\" data-tab=\"8\" role=\"tab\" tabindex=\"-1\" aria-controls=\"elementor-tab-content-1868\" aria-expanded=\"false\">Sector P\u00fablico<\/div>\n\t\t\t\t\t\t\t<\/div>\n\t\t\t<div class=\"elementor-tabs-content-wrapper\" role=\"tablist\" aria-orientation=\"vertical\">\n\t\t\t\t\t\t\t\t\t<div class=\"elementor-tab-title elementor-tab-mobile-title\" aria-selected=\"true\" data-tab=\"1\" role=\"tab\" tabindex=\"0\" aria-controls=\"elementor-tab-content-1861\" aria-expanded=\"false\">Anal\u00edtica<\/div>\n\t\t\t\t\t<div id=\"elementor-tab-content-1861\" class=\"elementor-tab-content elementor-clearfix\" data-tab=\"1\" role=\"tabpanel\" aria-labelledby=\"elementor-tab-title-1861\" tabindex=\"0\" hidden=\"false\"><h4>Gourmeat<\/h4><p class=\"translation-block\">Nub8 dise\u00f1\u00f3 e implement\u00f3 una soluci\u00f3n para gestionar de forma centralizada los inventarios de las tiendas y almacenes de Gourmeat a trav\u00e9s de una aplicaci\u00f3n web y utilizando componentes y servicios en la nube de Amazon Web Services.<\/p><h4>Open Park<\/h4><p>Open Park necesitaba una plataforma web que, adem\u00e1s de proporcionar informaci\u00f3n sobre el bienestar, permitiera la interacci\u00f3n con los usuarios para programar citas, procesar pagos, hacer un seguimiento de la informaci\u00f3n personal y de los eventos, y consultar los calendarios rutinarios,<br \/>acceder al material de formaci\u00f3n en v\u00eddeo, cargar el material audiovisual y recibir los comentarios de los formadores.<br \/>Tambi\u00e9n era necesario contar con una administraci\u00f3n centralizada y una plataforma de f\u00e1cil uso para el equipo encargado de generar y actualizar contenidos.<br \/><a href=\"https:\/\/nub8.net\/wp-content\/uploads\/2021\/03\/Case-study-Open-Park-Public.pdf\" target=\"_blank\" rel=\"noopener\">Caso de \u00c9xito<\/a><\/p><\/div>\n\t\t\t\t\t\t\t\t\t<div class=\"elementor-tab-title elementor-tab-mobile-title\" aria-selected=\"false\" data-tab=\"2\" role=\"tab\" tabindex=\"-1\" aria-controls=\"elementor-tab-content-1862\" aria-expanded=\"false\">Soluciones Cloud<\/div>\n\t\t\t\t\t<div id=\"elementor-tab-content-1862\" class=\"elementor-tab-content elementor-clearfix\" data-tab=\"2\" role=\"tabpanel\" aria-labelledby=\"elementor-tab-title-1862\" tabindex=\"0\" hidden=\"hidden\"><h4>GBS International, Inc.<\/h4><p>En el marco de los cambios introducidos a nivel mundial por la COVID-19, es cada vez m\u00e1s necesario contar con herramientas de trabajo remoto para mantener el negocio funcionando independientemente de la ubicaci\u00f3n geogr\u00e1fica de los colaboradores. Por este motivo, GBS International decidi\u00f3 habilitar 100 escritorios virtuales, conectados al CRM y a la centralita a trav\u00e9s de un navegador web y con acceso a internet y al centro de datos corporativo a trav\u00e9s de VPN.<\/p><p class=\"p1\"><a href=\"https:\/\/nub8.net\/wp-content\/uploads\/2020\/07\/Case-Study-GBS-International.pdf\" target=\"_blank\" rel=\"noopener\">Caso de \u00c9xito<\/a><\/p><h4>PepsiCo<\/h4><p>A trav\u00e9s de la implementaci\u00f3n de la arquitectura e implementaci\u00f3n de la nube h\u00edbrida, se estandarizaron todos los componentes de red y seguridad, logrando la interconexi\u00f3n de todas las m\u00e1quinas de las l\u00edneas de producci\u00f3n, y del personal administrativo y operativo, Por otro lado, a trav\u00e9s del servicio de AWS Storage Gateway se garantiza el respaldo seguro de toda la informaci\u00f3n de las m\u00e1quinas de la l\u00ednea de producci\u00f3n y su estado. <a href=\"https:\/\/nub8.net\/wp-content\/uploads\/2020\/07\/Case-Study-PepsiCo.pdf\" target=\"_blank\" rel=\"noopener\">Caso de \u00c9xito<\/a><\/p><p>Startup<\/p><p class=\"translation-block\">Para este cliente, Nub8 defini\u00f3 una arquitectura utilizando los servicios de seguridad, computaci\u00f3n, DNS, CDN y almacenamiento de Amazon Web Services (AWS). El dise\u00f1o favoreci\u00f3 el desacoplamiento, la flexibilidad y la seguridad de los componentes involucrados en la soluci\u00f3n. Caso de Estudio<\/p><\/div>\n\t\t\t\t\t\t\t\t\t<div class=\"elementor-tab-title elementor-tab-mobile-title\" aria-selected=\"false\" data-tab=\"3\" role=\"tab\" tabindex=\"-1\" aria-controls=\"elementor-tab-content-1863\" aria-expanded=\"false\">Seguridad en la nube y en local<\/div>\n\t\t\t\t\t<div id=\"elementor-tab-content-1863\" class=\"elementor-tab-content elementor-clearfix\" data-tab=\"3\" role=\"tabpanel\" aria-labelledby=\"elementor-tab-title-1863\" tabindex=\"0\" hidden=\"hidden\"><h4>Sentek<\/h4><p>Para Sentek realizamos evaluaciones de vulnerabilidad, seguridad y cumplimiento de PCI DSS v3.2.1 para su entorno en Amazon Web Services (AWS). Nuestra consultor\u00eda permiti\u00f3 a Sentek descubrir sus debilidades y fortalezas frente a amenazas conocidas, tanto para elementos externos (servicios SAAS, servicios de Cloud Computing, servicios BYOD, usuarios no autorizados, sniffers, robots, etc.) como para elementos internos (usuarios, sistemas desplegados, estaciones de trabajo, dispositivos m\u00f3viles, sistemas operativos, etc.)\u00a0<a href=\"https:\/\/nub8.net\/wp-content\/uploads\/2020\/07\/Case-Study-Sentek.pdf\" target=\"_blank\" rel=\"noopener\">Caso de \u00c9xito<\/a><\/p><\/div>\n\t\t\t\t\t\t\t\t\t<div class=\"elementor-tab-title elementor-tab-mobile-title\" aria-selected=\"false\" data-tab=\"4\" role=\"tab\" tabindex=\"-1\" aria-controls=\"elementor-tab-content-1864\" aria-expanded=\"false\">Recuperaci\u00f3n de desastres<\/div>\n\t\t\t\t\t<div id=\"elementor-tab-content-1864\" class=\"elementor-tab-content elementor-clearfix\" data-tab=\"4\" role=\"tabpanel\" aria-labelledby=\"elementor-tab-title-1864\" tabindex=\"0\" hidden=\"hidden\"><h4>Omega Market Research<\/h4><p>Se implement\u00f3 una estrategia de recuperaci\u00f3n de desastres (DR) para cumplir con los tiempos m\u00ednimos de recuperaci\u00f3n (RTO) y p\u00e9rdida de informaci\u00f3n (RPO) requeridos para un Servidor de Archivos cr\u00edtico para la operaci\u00f3n diaria de Omega.\u00a0<a href=\"https:\/\/nub8.net\/wp-content\/uploads\/2020\/07\/Case-Study-Omega-v1.pdf\" target=\"_blank\" rel=\"noopener\">Caso de \u00c9xito<\/a><\/p><\/div>\n\t\t\t\t\t\t\t\t\t<div class=\"elementor-tab-title elementor-tab-mobile-title\" aria-selected=\"false\" data-tab=\"5\" role=\"tab\" tabindex=\"-1\" aria-controls=\"elementor-tab-content-1865\" aria-expanded=\"false\">Almacenamiento en la nube<\/div>\n\t\t\t\t\t<div id=\"elementor-tab-content-1865\" class=\"elementor-tab-content elementor-clearfix\" data-tab=\"5\" role=\"tabpanel\" aria-labelledby=\"elementor-tab-title-1865\" tabindex=\"0\" hidden=\"hidden\"><h4>Silveragro<\/h4><p>Para Silveragro, se dise\u00f1\u00f3 e implement\u00f3 una soluci\u00f3n de Cloud Storage Gateway para almacenar y consultar la copia de seguridad de la base de datos (DB) de su sistema ERP y la facturaci\u00f3n digital generada diariamente en el negocio.\u00a0<a href=\"https:\/\/nub8.net\/wp-content\/uploads\/2020\/07\/Case-Study-Silveragro-v1.pdf\" target=\"_blank\" rel=\"noopener\">Caso de \u00c9xito<\/a><\/p><\/div>\n\t\t\t\t\t\t\t\t\t<div class=\"elementor-tab-title elementor-tab-mobile-title\" aria-selected=\"false\" data-tab=\"6\" role=\"tab\" tabindex=\"-1\" aria-controls=\"elementor-tab-content-1866\" aria-expanded=\"false\">Migraci\u00f3n a la nube<\/div>\n\t\t\t\t\t<div id=\"elementor-tab-content-1866\" class=\"elementor-tab-content elementor-clearfix\" data-tab=\"6\" role=\"tabpanel\" aria-labelledby=\"elementor-tab-title-1866\" tabindex=\"0\" hidden=\"hidden\"><h4>Bolsa Mercantil de Colombia<\/h4><p>Se realiz\u00f3 una consultor\u00eda donde se evalu\u00f3 el proyecto de migraci\u00f3n a la nube p\u00fablica de La Bolsa Mercantil de Colombia SA, la evaluaci\u00f3n de las pr\u00e1cticas implementadas, la metodolog\u00eda, la planificaci\u00f3n, la gesti\u00f3n, el manejo y la experiencia del personal experto asignado, las herramientas y t\u00e9cnicas implementadas para ello.\u00a0<a href=\"https:\/\/nub8.net\/wp-content\/uploads\/2020\/07\/Case-Study-Bolsa-Mercantil-v1.pdf\" target=\"_blank\" rel=\"noopener\">Caso de \u00c9xito<\/a><\/p><\/div>\n\t\t\t\t\t\t\t\t\t<div class=\"elementor-tab-title elementor-tab-mobile-title\" aria-selected=\"false\" data-tab=\"7\" role=\"tab\" tabindex=\"-1\" aria-controls=\"elementor-tab-content-1867\" aria-expanded=\"false\">Conexi\u00f3n en red<\/div>\n\t\t\t\t\t<div id=\"elementor-tab-content-1867\" class=\"elementor-tab-content elementor-clearfix\" data-tab=\"7\" role=\"tabpanel\" aria-labelledby=\"elementor-tab-title-1867\" tabindex=\"0\" hidden=\"hidden\"><h4>BPO Customer<\/h4><p>A trav\u00e9s de la arquitectura definida y la implementaci\u00f3n de cada uno de los componentes (red y seguridad), Nub8 consigui\u00f3 habilitar de forma r\u00e1pida y segura las operaciones del cliente, ofreciendo la mejor experiencia de usuario en t\u00e9rminos de seguridad, conectividad, movilidad y colaboraci\u00f3n.\u00a0<a href=\"https:\/\/nub8.net\/wp-content\/uploads\/2020\/07\/Case-Study-BPO.pdf\" target=\"_blank\" rel=\"noopener\">Caso de \u00c9xito<\/a><\/p><\/div>\n\t\t\t\t\t\t\t\t\t<div class=\"elementor-tab-title elementor-tab-mobile-title\" aria-selected=\"false\" data-tab=\"8\" role=\"tab\" tabindex=\"-1\" aria-controls=\"elementor-tab-content-1868\" aria-expanded=\"false\">Sector P\u00fablico<\/div>\n\t\t\t\t\t<div id=\"elementor-tab-content-1868\" class=\"elementor-tab-content elementor-clearfix\" data-tab=\"8\" role=\"tabpanel\" aria-labelledby=\"elementor-tab-title-1868\" tabindex=\"0\" hidden=\"hidden\"><h3>Arlington Economic Development (AED)<\/h3><p>Arlington Economic Development necesitaba encontrar un socio tecnol\u00f3gico para la implementaci\u00f3n de su programa llamado ReLaunch, para proporcionar a las PYMES servicios de consultor\u00eda profesional para crear sitios web de vanguardia y soluciones de comercio electr\u00f3nico. Nub8 fue seleccionada por su experiencia, su equipo de profesionales certificados y su conocimiento de las ofertas de AWS.\u00a0<a href=\"https:\/\/nub8.net\/wp-content\/uploads\/2022\/05\/AED-Case-Study-1216202149.pdf\" target=\"_blank\" rel=\"noopener\">Caso de \u00c9xito<\/a><\/p><h3>Spark Business Academy<\/h3><div class=\"page\" title=\"Page 1\"><div class=\"section\"><div class=\"layoutArea\"><div class=\"column\"><p>Spark Business Academy forma parte de la primera fase de la iniciativa \"ReNew\" del programa de desarrollo econ\u00f3mico del condado de Arlington, que busca reforzar la presencia digital de las empresas de Arlington, utilizando herramientas tecnol\u00f3gicas que aporten solidez y seguridad.\u00a0<a href=\"https:\/\/nub8.net\/wp-content\/uploads\/2022\/05\/Case-Study-Spark-Business-Academy-3009202185.pdf\" target=\"_blank\" rel=\"noopener\">Caso de \u00c9xito<\/a><\/p><\/div><\/div><\/div><\/div><\/div>\n\t\t\t\t\t\t\t<\/div>\n\t\t<\/div>\n\t\t\t\t\t\t<\/div>\n\t\t\t\t<\/div>\n\t\t\t\t\t<\/div>\n\t\t<\/div>\n\t\t\t\t\t<\/div>\n\t\t<\/section>\n\t\t\t\t<section class=\"elementor-section elementor-top-section elementor-element elementor-element-4ff4b817 elementor-section-boxed elementor-section-height-default elementor-section-height-default\" data-id=\"4ff4b817\" data-element_type=\"section\" data-e-type=\"section\" data-settings=\"{&quot;background_background&quot;:&quot;classic&quot;}\">\n\t\t\t\t\t\t<div class=\"elementor-container elementor-column-gap-default\">\n\t\t\t\t\t<div class=\"elementor-column elementor-col-100 elementor-top-column elementor-element elementor-element-31154827\" data-id=\"31154827\" data-element_type=\"column\" data-e-type=\"column\">\n\t\t\t<div class=\"elementor-widget-wrap elementor-element-populated\">\n\t\t\t\t\t\t<div class=\"elementor-element elementor-element-4eb3af4b elementor-widget elementor-widget-heading\" data-id=\"4eb3af4b\" data-element_type=\"widget\" data-e-type=\"widget\" data-widget_type=\"heading.default\">\n\t\t\t\t<div class=\"elementor-widget-container\">\n\t\t\t\t\t<h2 class=\"elementor-heading-title elementor-size-default\">Trabaje con los expertos cerficados en Cloud <\/h2>\t\t\t\t<\/div>\n\t\t\t\t<\/div>\n\t\t\t\t<div class=\"elementor-element elementor-element-1b480fa6 elementor-widget elementor-widget-text-editor\" data-id=\"1b480fa6\" data-element_type=\"widget\" data-e-type=\"widget\" data-widget_type=\"text-editor.default\">\n\t\t\t\t<div class=\"elementor-widget-container\">\n\t\t\t\t\t\t\t\t\t<p style=\"text-align: center;\">Nuestros equipos colaboran junto a su organizaci\u00f3n para liberar todo su potencial. Utilice las herramientas en la nube m\u00e1s novedosas para gestionar sus datos, analizar sus objetivos y proteger su informaci\u00f3n.\u00a0<\/p>\t\t\t\t\t\t\t\t<\/div>\n\t\t\t\t<\/div>\n\t\t\t\t<div class=\"elementor-element elementor-element-5deb2ca3 elementor-align-center elementor-invisible elementor-widget elementor-widget-button\" data-id=\"5deb2ca3\" data-element_type=\"widget\" data-e-type=\"widget\" data-settings=\"{&quot;_animation&quot;:&quot;fadeIn&quot;,&quot;_animation_delay&quot;:400}\" data-widget_type=\"button.default\">\n\t\t\t\t<div class=\"elementor-widget-container\">\n\t\t\t\t\t\t\t\t\t<div class=\"elementor-button-wrapper\">\n\t\t\t\t\t<a class=\"elementor-button elementor-button-link elementor-size-lg elementor-animation-float\" href=\"https:\/\/meetings.hubspot.com\/miguelangel-camera\" target=\"_blank\">\n\t\t\t\t\t\t<span class=\"elementor-button-content-wrapper\">\n\t\t\t\t\t\t<span class=\"elementor-button-icon\">\n\t\t\t\t<i aria-hidden=\"true\" class=\"fas fa-angle-right\"><\/i>\t\t\t<\/span>\n\t\t\t\t\t\t\t\t\t<span class=\"elementor-button-text\">Hablemos<\/span>\n\t\t\t\t\t<\/span>\n\t\t\t\t\t<\/a>\n\t\t\t\t<\/div>\n\t\t\t\t\t\t\t\t<\/div>\n\t\t\t\t<\/div>\n\t\t\t\t\t<\/div>\n\t\t<\/div>\n\t\t\t\t\t<\/div>\n\t\t<\/section>\n\t\t\t\t<\/div>","protected":false},"excerpt":{"rendered":"<p>They Trusted Us Analytics Cloud Solutions Security Cloud &#038; OnPrem Disaster Recovery Cloud Storage Cloud Migration Networking Public Sector Analytics Gourmeat Nub8\u00a0designed and implemented a solution to centrally manage Gourmeat\u2019s store and warehouse inventories through a web application and using Amazon Web Services cloud components and services.Case study Open Park Open Park required a web [&hellip;]<\/p>\n","protected":false},"author":2,"featured_media":0,"parent":0,"menu_order":0,"comment_status":"closed","ping_status":"closed","template":"elementor_header_footer","meta":{"footnotes":""},"class_list":["post-346","page","type-page","status-publish","hentry"],"aioseo_notices":[],"_links":{"self":[{"href":"https:\/\/nub8.net\/es\/wp-json\/wp\/v2\/pages\/346","targetHints":{"allow":["GET"]}}],"collection":[{"href":"https:\/\/nub8.net\/es\/wp-json\/wp\/v2\/pages"}],"about":[{"href":"https:\/\/nub8.net\/es\/wp-json\/wp\/v2\/types\/page"}],"author":[{"embeddable":true,"href":"https:\/\/nub8.net\/es\/wp-json\/wp\/v2\/users\/2"}],"replies":[{"embeddable":true,"href":"https:\/\/nub8.net\/es\/wp-json\/wp\/v2\/comments?post=346"}],"version-history":[{"count":30,"href":"https:\/\/nub8.net\/es\/wp-json\/wp\/v2\/pages\/346\/revisions"}],"predecessor-version":[{"id":10633,"href":"https:\/\/nub8.net\/es\/wp-json\/wp\/v2\/pages\/346\/revisions\/10633"}],"wp:attachment":[{"href":"https:\/\/nub8.net\/es\/wp-json\/wp\/v2\/media?parent=346"}],"curies":[{"name":"wp","href":"https:\/\/api.w.org\/{rel}","templated":true}]}}